{"id":922,"date":"2014-06-11T14:57:06","date_gmt":"2014-06-11T14:57:06","guid":{"rendered":"http:\/\/sindromecharge.es\/?page_id=922"},"modified":"2014-06-11T15:05:27","modified_gmt":"2014-06-11T15:05:27","slug":"direcciones-y-mapas-iii-congreso-charge","status":"publish","type":"page","link":"https:\/\/sindromecharge.es\/index.php\/direcciones-y-mapas-iii-congreso-charge\/","title":{"rendered":"Direcciones y Mapas III Congreso CHARGE"},"content":{"rendered":"<p>Hotel Alcal\u00e1 Plaza<\/p>\n<p>Calle Hita, 4<br \/>\nAlcal\u00e1 de Henares, Madrid<br \/>\nTel:\u00a091 878 34 00<br \/>\nEmail: alcalaplaza@hotelalcalaplaza.com<br \/>\n<a href=\"http:\/\/www.hotelalcalaplaza.com\/contacto-y-mapa.html\">C\u00f3mo llegar<\/a><\/p>\n\n<p>&nbsp;<\/p>\n<p>Hospital Universitario Pr\u00edncipe de Asturias<\/p>\n<p>Carretera Alcal\u00e1-Meco s\/n<br \/>\n28805 &#8211; Alcal\u00e1 de Henares<br \/>\nCampus Universitario<br \/>\nTel\u00e9fono: 91 887 81 00<br \/>\nCorreo: gerent.hupa@salud.madrid.org<br \/>\n<a href=\"http:\/\/www.madrid.org\/cs\/Satellite?cid=1142490784653&amp;language=es&amp;pagename=HospitalPrincipeAsturias%2FPage%2FHPPE_pintarContenidoFinal\">C\u00f3mo llegar<\/a><br \/>\n<\/p>\n<p>&nbsp;<\/p>\n","protected":false},"excerpt":{"rendered":"<p>Hotel Alcal\u00e1 Plaza Calle Hita, 4 Alcal\u00e1 de Henares, Madrid Tel:\u00a091 878 34 00 Email: alcalaplaza@hotelalcalaplaza.com C\u00f3mo llegar &nbsp; Hospital Universitario Pr\u00edncipe de Asturias Carretera Alcal\u00e1-Meco s\/n 28805 &#8211; Alcal\u00e1 de Henares Campus Universitario Tel\u00e9fono: 91 887 81 00 Correo: gerent.hupa@salud.madrid.org C\u00f3mo llegar &nbsp;<\/p>\n","protected":false},"author":1,"featured_media":0,"parent":0,"menu_order":0,"comment_status":"open","ping_status":"open","template":"","meta":{"footnotes":""},"class_list":["post-922","page","type-page","status-publish","hentry"],"yoast_head":"<!-- This site is optimized with the Yoast SEO plugin v27.5 - https:\/\/yoast.com\/product\/yoast-seo-wordpress\/ -->\n<title>Direcciones y Mapas III Congreso CHARGE<\/title>\n<meta name=\"robots\" content=\"index, follow, max-snippet:-1, max-image-preview:large, max-video-preview:-1\" \/>\n<link rel=\"canonical\" href=\"https:\/\/sindromecharge.es\/index.php\/direcciones-y-mapas-iii-congreso-charge\/\" \/>\n<meta property=\"og:locale\" content=\"es_ES\" \/>\n<meta property=\"og:type\" content=\"article\" \/>\n<meta property=\"og:title\" content=\"Direcciones y Mapas III Congreso CHARGE\" \/>\n<meta property=\"og:description\" content=\"Hotel Alcal\u00e1 Plaza Calle Hita, 4 Alcal\u00e1 de Henares, Madrid Tel:\u00a091 878 34 00 Email: alcalaplaza@hotelalcalaplaza.com C\u00f3mo llegar &nbsp; Hospital Universitario Pr\u00edncipe de Asturias Carretera Alcal\u00e1-Meco s\/n 28805 &#8211; Alcal\u00e1 de Henares Campus Universitario Tel\u00e9fono: 91 887 81 00 Correo: gerent.hupa@salud.madrid.org C\u00f3mo llegar &nbsp;\" \/>\n<meta property=\"og:url\" content=\"https:\/\/sindromecharge.es\/index.php\/direcciones-y-mapas-iii-congreso-charge\/\" \/>\n<meta property=\"og:site_name\" content=\"Asociaci\u00f3n Espa\u00f1ola S\u00edndrome de Charge\" \/>\n<meta property=\"article:publisher\" content=\"https:\/\/www.facebook.com\/asociacionsindromecharge\" \/>\n<meta property=\"article:modified_time\" content=\"2014-06-11T15:05:27+00:00\" \/>\n<meta property=\"og:image\" content=\"https:\/\/sindromecharge.es\/wp-content\/uploads\/2013\/09\/logodecharge300x98.png\" \/>\n\t<meta property=\"og:image:width\" content=\"300\" \/>\n\t<meta property=\"og:image:height\" content=\"98\" \/>\n\t<meta property=\"og:image:type\" content=\"image\/png\" \/>\n<meta name=\"twitter:card\" content=\"summary_large_image\" \/>\n<meta name=\"twitter:site\" content=\"@sindromecharge\" \/>\n<script type=\"application\/ld+json\" class=\"yoast-schema-graph\">{\"@context\":\"https:\\\/\\\/schema.org\",\"@graph\":[{\"@type\":\"WebPage\",\"@id\":\"https:\\\/\\\/sindromecharge.es\\\/index.php\\\/direcciones-y-mapas-iii-congreso-charge\\\/\",\"url\":\"https:\\\/\\\/sindromecharge.es\\\/index.php\\\/direcciones-y-mapas-iii-congreso-charge\\\/\",\"name\":\"Direcciones y Mapas III Congreso CHARGE\",\"isPartOf\":{\"@id\":\"https:\\\/\\\/sindromecharge.es\\\/#website\"},\"datePublished\":\"2014-06-11T14:57:06+00:00\",\"dateModified\":\"2014-06-11T15:05:27+00:00\",\"breadcrumb\":{\"@id\":\"https:\\\/\\\/sindromecharge.es\\\/index.php\\\/direcciones-y-mapas-iii-congreso-charge\\\/#breadcrumb\"},\"inLanguage\":\"es\",\"potentialAction\":[{\"@type\":\"ReadAction\",\"target\":[\"https:\\\/\\\/sindromecharge.es\\\/index.php\\\/direcciones-y-mapas-iii-congreso-charge\\\/\"]}]},{\"@type\":\"BreadcrumbList\",\"@id\":\"https:\\\/\\\/sindromecharge.es\\\/index.php\\\/direcciones-y-mapas-iii-congreso-charge\\\/#breadcrumb\",\"itemListElement\":[{\"@type\":\"ListItem\",\"position\":1,\"name\":\"Portada\",\"item\":\"https:\\\/\\\/sindromecharge.es\\\/\"},{\"@type\":\"ListItem\",\"position\":2,\"name\":\"Direcciones y Mapas III Congreso CHARGE\"}]},{\"@type\":\"WebSite\",\"@id\":\"https:\\\/\\\/sindromecharge.es\\\/#website\",\"url\":\"https:\\\/\\\/sindromecharge.es\\\/\",\"name\":\"Asociaci\u00f3n Espa\u00f1ola S\u00edndrome de Charge\",\"description\":\"\",\"potentialAction\":[{\"@type\":\"SearchAction\",\"target\":{\"@type\":\"EntryPoint\",\"urlTemplate\":\"https:\\\/\\\/sindromecharge.es\\\/?s={search_term_string}\"},\"query-input\":{\"@type\":\"PropertyValueSpecification\",\"valueRequired\":true,\"valueName\":\"search_term_string\"}}],\"inLanguage\":\"es\"}]}<\/script>\n<!-- \/ Yoast SEO plugin. -->","yoast_head_json":{"title":"Direcciones y Mapas III Congreso CHARGE","robots":{"index":"index","follow":"follow","max-snippet":"max-snippet:-1","max-image-preview":"max-image-preview:large","max-video-preview":"max-video-preview:-1"},"canonical":"https:\/\/sindromecharge.es\/index.php\/direcciones-y-mapas-iii-congreso-charge\/","og_locale":"es_ES","og_type":"article","og_title":"Direcciones y Mapas III Congreso CHARGE","og_description":"Hotel Alcal\u00e1 Plaza Calle Hita, 4 Alcal\u00e1 de Henares, Madrid Tel:\u00a091 878 34 00 Email: alcalaplaza@hotelalcalaplaza.com C\u00f3mo llegar &nbsp; Hospital Universitario Pr\u00edncipe de Asturias Carretera Alcal\u00e1-Meco s\/n 28805 &#8211; Alcal\u00e1 de Henares Campus Universitario Tel\u00e9fono: 91 887 81 00 Correo: gerent.hupa@salud.madrid.org C\u00f3mo llegar &nbsp;","og_url":"https:\/\/sindromecharge.es\/index.php\/direcciones-y-mapas-iii-congreso-charge\/","og_site_name":"Asociaci\u00f3n Espa\u00f1ola S\u00edndrome de Charge","article_publisher":"https:\/\/www.facebook.com\/asociacionsindromecharge","article_modified_time":"2014-06-11T15:05:27+00:00","og_image":[{"width":300,"height":98,"url":"https:\/\/sindromecharge.es\/wp-content\/uploads\/2013\/09\/logodecharge300x98.png","type":"image\/png"}],"twitter_card":"summary_large_image","twitter_site":"@sindromecharge","schema":{"@context":"https:\/\/schema.org","@graph":[{"@type":"WebPage","@id":"https:\/\/sindromecharge.es\/index.php\/direcciones-y-mapas-iii-congreso-charge\/","url":"https:\/\/sindromecharge.es\/index.php\/direcciones-y-mapas-iii-congreso-charge\/","name":"Direcciones y Mapas III Congreso CHARGE","isPartOf":{"@id":"https:\/\/sindromecharge.es\/#website"},"datePublished":"2014-06-11T14:57:06+00:00","dateModified":"2014-06-11T15:05:27+00:00","breadcrumb":{"@id":"https:\/\/sindromecharge.es\/index.php\/direcciones-y-mapas-iii-congreso-charge\/#breadcrumb"},"inLanguage":"es","potentialAction":[{"@type":"ReadAction","target":["https:\/\/sindromecharge.es\/index.php\/direcciones-y-mapas-iii-congreso-charge\/"]}]},{"@type":"BreadcrumbList","@id":"https:\/\/sindromecharge.es\/index.php\/direcciones-y-mapas-iii-congreso-charge\/#breadcrumb","itemListElement":[{"@type":"ListItem","position":1,"name":"Portada","item":"https:\/\/sindromecharge.es\/"},{"@type":"ListItem","position":2,"name":"Direcciones y Mapas III Congreso CHARGE"}]},{"@type":"WebSite","@id":"https:\/\/sindromecharge.es\/#website","url":"https:\/\/sindromecharge.es\/","name":"Asociaci\u00f3n Espa\u00f1ola S\u00edndrome de Charge","description":"","potentialAction":[{"@type":"SearchAction","target":{"@type":"EntryPoint","urlTemplate":"https:\/\/sindromecharge.es\/?s={search_term_string}"},"query-input":{"@type":"PropertyValueSpecification","valueRequired":true,"valueName":"search_term_string"}}],"inLanguage":"es"}]}},"_links":{"self":[{"href":"https:\/\/sindromecharge.es\/index.php\/wp-json\/wp\/v2\/pages\/922","targetHints":{"allow":["GET"]}}],"collection":[{"href":"https:\/\/sindromecharge.es\/index.php\/wp-json\/wp\/v2\/pages"}],"about":[{"href":"https:\/\/sindromecharge.es\/index.php\/wp-json\/wp\/v2\/types\/page"}],"author":[{"embeddable":true,"href":"https:\/\/sindromecharge.es\/index.php\/wp-json\/wp\/v2\/users\/1"}],"replies":[{"embeddable":true,"href":"https:\/\/sindromecharge.es\/index.php\/wp-json\/wp\/v2\/comments?post=922"}],"version-history":[{"count":0,"href":"https:\/\/sindromecharge.es\/index.php\/wp-json\/wp\/v2\/pages\/922\/revisions"}],"wp:attachment":[{"href":"https:\/\/sindromecharge.es\/index.php\/wp-json\/wp\/v2\/media?parent=922"}],"curies":[{"name":"wp","href":"https:\/\/api.w.org\/{rel}","templated":true}]}}