{"id":915,"date":"2014-06-11T14:49:04","date_gmt":"2014-06-11T14:49:04","guid":{"rendered":"http:\/\/sindromecharge.es\/?page_id=915"},"modified":"2014-09-30T22:25:48","modified_gmt":"2014-09-30T22:25:48","slug":"inscripciones-iii-congreso-charge-alcala-de-henares","status":"publish","type":"page","link":"https:\/\/sindromecharge.es\/index.php\/inscripciones-iii-congreso-charge-alcala-de-henares\/","title":{"rendered":"Inscripciones III Congreso CHARGE, Alcal\u00e1 de Henares"},"content":{"rendered":"<p><!-- Cl\u00e1usula informativa (art. 5 LOPD)\nEn cumplimiento con lo establecido en la Ley Org\u00e1nica 15\/1999, de 13 de diciembre, de Protecci\u00f3n de Datos de Car\u00e1cter Personal, le informamos que sus datos personales ser\u00e1n tratados y quedar\u00e1n incorporados en ficheros responsabilidad de ASOCIACI\u00d3N ESPA\u00d1OLA SINDROME DE CHARGE. registrados en la Agencia Espa\u00f1ola de Protecci\u00f3n de Datos, con la finalidad de gestionar su relaci\u00f3n administrativa y de cobros, as\u00ed como enviarle informaci\u00f3n general y comercial de la Asociaci\u00f3n.\nDe igual forma, autoriza la comunicaci\u00f3n de sus datos de car\u00e1cter personal a la entidad HOTEL ALCAL\u00c1 PLAZA para la finalidad de reservar su alojamiento en caso de haberlo solicitado realiz\u00e1ndose la comunicaci\u00f3n \u00fanicamente para este fin.\nEn todo caso, puede ejercitar los derechos de acceso, rectificaci\u00f3n, cancelaci\u00f3n y oposici\u00f3n dirigi\u00e9ndose a la sede social a trav\u00e9s de correo electr\u00f3nico a la direcci\u00f3n info@sindromecharge.es\nLe rogamos que en el supuesto de producirse alguna modificaci\u00f3n en sus datos de car\u00e1cter personal, nos lo comunique con el fin de mantener actualizados los mismos.\n\n\n\nPor favor rellene todos los campos del siguiente formulario:  --><\/p>\n<p>El plazo para realizar las inscripciones ha expirado. Si lo desea puede contactar con nosotros en info@sindromecharge.es <\/p>\n","protected":false},"excerpt":{"rendered":"<p>El plazo para realizar las inscripciones ha expirado. Si lo desea puede contactar con nosotros en info@sindromecharge.es<\/p>\n","protected":false},"author":1,"featured_media":0,"parent":0,"menu_order":0,"comment_status":"closed","ping_status":"closed","template":"","meta":{"footnotes":""},"class_list":["post-915","page","type-page","status-publish","hentry"],"yoast_head":"<!-- This site is optimized with the Yoast SEO plugin v27.4 - https:\/\/yoast.com\/product\/yoast-seo-wordpress\/ -->\n<title>Inscripciones III Congreso CHARGE, Alcal\u00e1 de Henares<\/title>\n<meta name=\"robots\" content=\"index, follow, max-snippet:-1, max-image-preview:large, max-video-preview:-1\" \/>\n<link rel=\"canonical\" href=\"https:\/\/sindromecharge.es\/index.php\/inscripciones-iii-congreso-charge-alcala-de-henares\/\" \/>\n<meta property=\"og:locale\" content=\"es_ES\" \/>\n<meta property=\"og:type\" content=\"article\" \/>\n<meta property=\"og:title\" content=\"Inscripciones III Congreso CHARGE, Alcal\u00e1 de Henares\" \/>\n<meta property=\"og:description\" content=\"El plazo para realizar las inscripciones ha expirado. Si lo desea puede contactar con nosotros en info@sindromecharge.es\" \/>\n<meta property=\"og:url\" content=\"https:\/\/sindromecharge.es\/index.php\/inscripciones-iii-congreso-charge-alcala-de-henares\/\" \/>\n<meta property=\"og:site_name\" content=\"Asociaci\u00f3n Espa\u00f1ola S\u00edndrome de Charge\" \/>\n<meta property=\"article:publisher\" content=\"https:\/\/www.facebook.com\/asociacionsindromecharge\" \/>\n<meta property=\"article:modified_time\" content=\"2014-09-30T22:25:48+00:00\" \/>\n<meta property=\"og:image\" content=\"https:\/\/sindromecharge.es\/wp-content\/uploads\/2013\/09\/logodecharge300x98.png\" \/>\n\t<meta property=\"og:image:width\" content=\"300\" \/>\n\t<meta property=\"og:image:height\" content=\"98\" \/>\n\t<meta property=\"og:image:type\" content=\"image\/png\" \/>\n<meta name=\"twitter:card\" content=\"summary_large_image\" \/>\n<meta name=\"twitter:site\" content=\"@sindromecharge\" \/>\n<script type=\"application\/ld+json\" class=\"yoast-schema-graph\">{\"@context\":\"https:\\\/\\\/schema.org\",\"@graph\":[{\"@type\":\"WebPage\",\"@id\":\"https:\\\/\\\/sindromecharge.es\\\/index.php\\\/inscripciones-iii-congreso-charge-alcala-de-henares\\\/\",\"url\":\"https:\\\/\\\/sindromecharge.es\\\/index.php\\\/inscripciones-iii-congreso-charge-alcala-de-henares\\\/\",\"name\":\"Inscripciones III Congreso CHARGE, Alcal\u00e1 de Henares\",\"isPartOf\":{\"@id\":\"https:\\\/\\\/sindromecharge.es\\\/#website\"},\"datePublished\":\"2014-06-11T14:49:04+00:00\",\"dateModified\":\"2014-09-30T22:25:48+00:00\",\"breadcrumb\":{\"@id\":\"https:\\\/\\\/sindromecharge.es\\\/index.php\\\/inscripciones-iii-congreso-charge-alcala-de-henares\\\/#breadcrumb\"},\"inLanguage\":\"es\",\"potentialAction\":[{\"@type\":\"ReadAction\",\"target\":[\"https:\\\/\\\/sindromecharge.es\\\/index.php\\\/inscripciones-iii-congreso-charge-alcala-de-henares\\\/\"]}]},{\"@type\":\"BreadcrumbList\",\"@id\":\"https:\\\/\\\/sindromecharge.es\\\/index.php\\\/inscripciones-iii-congreso-charge-alcala-de-henares\\\/#breadcrumb\",\"itemListElement\":[{\"@type\":\"ListItem\",\"position\":1,\"name\":\"Portada\",\"item\":\"https:\\\/\\\/sindromecharge.es\\\/\"},{\"@type\":\"ListItem\",\"position\":2,\"name\":\"Inscripciones III Congreso CHARGE, Alcal\u00e1 de Henares\"}]},{\"@type\":\"WebSite\",\"@id\":\"https:\\\/\\\/sindromecharge.es\\\/#website\",\"url\":\"https:\\\/\\\/sindromecharge.es\\\/\",\"name\":\"Asociaci\u00f3n Espa\u00f1ola S\u00edndrome de Charge\",\"description\":\"\",\"potentialAction\":[{\"@type\":\"SearchAction\",\"target\":{\"@type\":\"EntryPoint\",\"urlTemplate\":\"https:\\\/\\\/sindromecharge.es\\\/?s={search_term_string}\"},\"query-input\":{\"@type\":\"PropertyValueSpecification\",\"valueRequired\":true,\"valueName\":\"search_term_string\"}}],\"inLanguage\":\"es\"}]}<\/script>\n<!-- \/ Yoast SEO plugin. -->","yoast_head_json":{"title":"Inscripciones III Congreso CHARGE, Alcal\u00e1 de Henares","robots":{"index":"index","follow":"follow","max-snippet":"max-snippet:-1","max-image-preview":"max-image-preview:large","max-video-preview":"max-video-preview:-1"},"canonical":"https:\/\/sindromecharge.es\/index.php\/inscripciones-iii-congreso-charge-alcala-de-henares\/","og_locale":"es_ES","og_type":"article","og_title":"Inscripciones III Congreso CHARGE, Alcal\u00e1 de Henares","og_description":"El plazo para realizar las inscripciones ha expirado. Si lo desea puede contactar con nosotros en info@sindromecharge.es","og_url":"https:\/\/sindromecharge.es\/index.php\/inscripciones-iii-congreso-charge-alcala-de-henares\/","og_site_name":"Asociaci\u00f3n Espa\u00f1ola S\u00edndrome de Charge","article_publisher":"https:\/\/www.facebook.com\/asociacionsindromecharge","article_modified_time":"2014-09-30T22:25:48+00:00","og_image":[{"width":300,"height":98,"url":"https:\/\/sindromecharge.es\/wp-content\/uploads\/2013\/09\/logodecharge300x98.png","type":"image\/png"}],"twitter_card":"summary_large_image","twitter_site":"@sindromecharge","schema":{"@context":"https:\/\/schema.org","@graph":[{"@type":"WebPage","@id":"https:\/\/sindromecharge.es\/index.php\/inscripciones-iii-congreso-charge-alcala-de-henares\/","url":"https:\/\/sindromecharge.es\/index.php\/inscripciones-iii-congreso-charge-alcala-de-henares\/","name":"Inscripciones III Congreso CHARGE, Alcal\u00e1 de Henares","isPartOf":{"@id":"https:\/\/sindromecharge.es\/#website"},"datePublished":"2014-06-11T14:49:04+00:00","dateModified":"2014-09-30T22:25:48+00:00","breadcrumb":{"@id":"https:\/\/sindromecharge.es\/index.php\/inscripciones-iii-congreso-charge-alcala-de-henares\/#breadcrumb"},"inLanguage":"es","potentialAction":[{"@type":"ReadAction","target":["https:\/\/sindromecharge.es\/index.php\/inscripciones-iii-congreso-charge-alcala-de-henares\/"]}]},{"@type":"BreadcrumbList","@id":"https:\/\/sindromecharge.es\/index.php\/inscripciones-iii-congreso-charge-alcala-de-henares\/#breadcrumb","itemListElement":[{"@type":"ListItem","position":1,"name":"Portada","item":"https:\/\/sindromecharge.es\/"},{"@type":"ListItem","position":2,"name":"Inscripciones III Congreso CHARGE, Alcal\u00e1 de Henares"}]},{"@type":"WebSite","@id":"https:\/\/sindromecharge.es\/#website","url":"https:\/\/sindromecharge.es\/","name":"Asociaci\u00f3n Espa\u00f1ola S\u00edndrome de Charge","description":"","potentialAction":[{"@type":"SearchAction","target":{"@type":"EntryPoint","urlTemplate":"https:\/\/sindromecharge.es\/?s={search_term_string}"},"query-input":{"@type":"PropertyValueSpecification","valueRequired":true,"valueName":"search_term_string"}}],"inLanguage":"es"}]}},"_links":{"self":[{"href":"https:\/\/sindromecharge.es\/index.php\/wp-json\/wp\/v2\/pages\/915","targetHints":{"allow":["GET"]}}],"collection":[{"href":"https:\/\/sindromecharge.es\/index.php\/wp-json\/wp\/v2\/pages"}],"about":[{"href":"https:\/\/sindromecharge.es\/index.php\/wp-json\/wp\/v2\/types\/page"}],"author":[{"embeddable":true,"href":"https:\/\/sindromecharge.es\/index.php\/wp-json\/wp\/v2\/users\/1"}],"replies":[{"embeddable":true,"href":"https:\/\/sindromecharge.es\/index.php\/wp-json\/wp\/v2\/comments?post=915"}],"version-history":[{"count":0,"href":"https:\/\/sindromecharge.es\/index.php\/wp-json\/wp\/v2\/pages\/915\/revisions"}],"wp:attachment":[{"href":"https:\/\/sindromecharge.es\/index.php\/wp-json\/wp\/v2\/media?parent=915"}],"curies":[{"name":"wp","href":"https:\/\/api.w.org\/{rel}","templated":true}]}}