{"id":40,"date":"2011-11-17T18:08:51","date_gmt":"2011-11-17T18:08:51","guid":{"rendered":"http:\/\/www.sindromedecharge.org\/?page_id=40"},"modified":"2012-12-17T09:44:33","modified_gmt":"2012-12-17T09:44:33","slug":"quienes-somos","status":"publish","type":"page","link":"https:\/\/sindromecharge.es\/index.php\/quienes-somos\/","title":{"rendered":"Qui\u00e9nes somos"},"content":{"rendered":"<p><strong>\u00bfQUIENES SOMOS?<\/strong><\/p>\n<p>Somos una asociaci\u00f3n de familiares de ni\u00f1os afectados por el s\u00edndrome de charge. Se crea en el 2011 por\u00a0 padres y madres\u00a0 de ni\u00f1os afectados con este s\u00edndrome que quieren mejorar la calidad de vida tanto de los ni\u00f1os como de los\u00a0 padres como cuidadores.<\/p>\n<p><strong>\u00bfQUE HACEMOS?<\/strong><\/p>\n<p>&#8211; Atenci\u00f3n y seguimiento a las familias.<\/p>\n<p>&#8211; Dar todo tipo de ayuda y soporte a los padres que les nace un hijo con este s\u00edndrome.<\/p>\n<p>&#8211; Dar a conocer el s\u00edndrome a profesionales sanitarios y no sanitarios.<\/p>\n<p>&#8211; Encuentro de fam\u00edlias una vez al a\u00f1o donde se organiza un fin de semana de convivencia entre familias y se organizan ponencias m\u00e9dicas en dicho encuentro.<\/p>\n","protected":false},"excerpt":{"rendered":"<p>\u00bfQUIENES SOMOS? Somos una asociaci\u00f3n de familiares de ni\u00f1os afectados por el s\u00edndrome de charge. Se crea en el 2011 por\u00a0 padres y madres\u00a0 de ni\u00f1os afectados con este s\u00edndrome que quieren mejorar la calidad de vida tanto de los ni\u00f1os como de los\u00a0 padres como cuidadores. \u00bfQUE HACEMOS? &#8211; Atenci\u00f3n y seguimiento a las [&hellip;]<\/p>\n","protected":false},"author":1,"featured_media":0,"parent":0,"menu_order":1,"comment_status":"closed","ping_status":"closed","template":"","meta":{"footnotes":""},"class_list":["post-40","page","type-page","status-publish","hentry"],"yoast_head":"<!-- This site is optimized with the Yoast SEO plugin v27.6 - https:\/\/yoast.com\/product\/yoast-seo-wordpress\/ -->\n<title>Qui\u00e9nes somos<\/title>\n<meta name=\"robots\" content=\"index, follow, max-snippet:-1, max-image-preview:large, max-video-preview:-1\" \/>\n<link rel=\"canonical\" href=\"https:\/\/sindromecharge.es\/index.php\/quienes-somos\/\" \/>\n<meta property=\"og:locale\" content=\"es_ES\" \/>\n<meta property=\"og:type\" content=\"article\" \/>\n<meta property=\"og:title\" content=\"Qui\u00e9nes somos\" \/>\n<meta property=\"og:description\" content=\"\u00bfQUIENES SOMOS? Somos una asociaci\u00f3n de familiares de ni\u00f1os afectados por el s\u00edndrome de charge. Se crea en el 2011 por\u00a0 padres y madres\u00a0 de ni\u00f1os afectados con este s\u00edndrome que quieren mejorar la calidad de vida tanto de los ni\u00f1os como de los\u00a0 padres como cuidadores. \u00bfQUE HACEMOS? &#8211; Atenci\u00f3n y seguimiento a las [&hellip;]\" \/>\n<meta property=\"og:url\" content=\"https:\/\/sindromecharge.es\/index.php\/quienes-somos\/\" \/>\n<meta property=\"og:site_name\" content=\"Asociaci\u00f3n Espa\u00f1ola S\u00edndrome de Charge\" \/>\n<meta property=\"article:publisher\" content=\"https:\/\/www.facebook.com\/asociacionsindromecharge\" \/>\n<meta property=\"article:modified_time\" content=\"2012-12-17T09:44:33+00:00\" \/>\n<meta property=\"og:image\" content=\"https:\/\/sindromecharge.es\/wp-content\/uploads\/2013\/09\/logodecharge300x98.png\" \/>\n\t<meta property=\"og:image:width\" content=\"300\" \/>\n\t<meta property=\"og:image:height\" content=\"98\" \/>\n\t<meta property=\"og:image:type\" content=\"image\/png\" \/>\n<meta name=\"twitter:card\" content=\"summary_large_image\" \/>\n<meta name=\"twitter:site\" content=\"@sindromecharge\" \/>\n<meta name=\"twitter:label1\" content=\"Tiempo de lectura\" \/>\n\t<meta name=\"twitter:data1\" content=\"1 minuto\" \/>\n<script type=\"application\/ld+json\" class=\"yoast-schema-graph\">{\"@context\":\"https:\\\/\\\/schema.org\",\"@graph\":[{\"@type\":\"WebPage\",\"@id\":\"https:\\\/\\\/sindromecharge.es\\\/index.php\\\/quienes-somos\\\/\",\"url\":\"https:\\\/\\\/sindromecharge.es\\\/index.php\\\/quienes-somos\\\/\",\"name\":\"Qui\u00e9nes somos\",\"isPartOf\":{\"@id\":\"https:\\\/\\\/sindromecharge.es\\\/#website\"},\"datePublished\":\"2011-11-17T18:08:51+00:00\",\"dateModified\":\"2012-12-17T09:44:33+00:00\",\"breadcrumb\":{\"@id\":\"https:\\\/\\\/sindromecharge.es\\\/index.php\\\/quienes-somos\\\/#breadcrumb\"},\"inLanguage\":\"es\",\"potentialAction\":[{\"@type\":\"ReadAction\",\"target\":[\"https:\\\/\\\/sindromecharge.es\\\/index.php\\\/quienes-somos\\\/\"]}]},{\"@type\":\"BreadcrumbList\",\"@id\":\"https:\\\/\\\/sindromecharge.es\\\/index.php\\\/quienes-somos\\\/#breadcrumb\",\"itemListElement\":[{\"@type\":\"ListItem\",\"position\":1,\"name\":\"Portada\",\"item\":\"https:\\\/\\\/sindromecharge.es\\\/\"},{\"@type\":\"ListItem\",\"position\":2,\"name\":\"Qui\u00e9nes somos\"}]},{\"@type\":\"WebSite\",\"@id\":\"https:\\\/\\\/sindromecharge.es\\\/#website\",\"url\":\"https:\\\/\\\/sindromecharge.es\\\/\",\"name\":\"Asociaci\u00f3n Espa\u00f1ola S\u00edndrome de Charge\",\"description\":\"\",\"potentialAction\":[{\"@type\":\"SearchAction\",\"target\":{\"@type\":\"EntryPoint\",\"urlTemplate\":\"https:\\\/\\\/sindromecharge.es\\\/?s={search_term_string}\"},\"query-input\":{\"@type\":\"PropertyValueSpecification\",\"valueRequired\":true,\"valueName\":\"search_term_string\"}}],\"inLanguage\":\"es\"}]}<\/script>\n<!-- \/ Yoast SEO plugin. -->","yoast_head_json":{"title":"Qui\u00e9nes somos","robots":{"index":"index","follow":"follow","max-snippet":"max-snippet:-1","max-image-preview":"max-image-preview:large","max-video-preview":"max-video-preview:-1"},"canonical":"https:\/\/sindromecharge.es\/index.php\/quienes-somos\/","og_locale":"es_ES","og_type":"article","og_title":"Qui\u00e9nes somos","og_description":"\u00bfQUIENES SOMOS? Somos una asociaci\u00f3n de familiares de ni\u00f1os afectados por el s\u00edndrome de charge. Se crea en el 2011 por\u00a0 padres y madres\u00a0 de ni\u00f1os afectados con este s\u00edndrome que quieren mejorar la calidad de vida tanto de los ni\u00f1os como de los\u00a0 padres como cuidadores. \u00bfQUE HACEMOS? &#8211; Atenci\u00f3n y seguimiento a las [&hellip;]","og_url":"https:\/\/sindromecharge.es\/index.php\/quienes-somos\/","og_site_name":"Asociaci\u00f3n Espa\u00f1ola S\u00edndrome de Charge","article_publisher":"https:\/\/www.facebook.com\/asociacionsindromecharge","article_modified_time":"2012-12-17T09:44:33+00:00","og_image":[{"width":300,"height":98,"url":"https:\/\/sindromecharge.es\/wp-content\/uploads\/2013\/09\/logodecharge300x98.png","type":"image\/png"}],"twitter_card":"summary_large_image","twitter_site":"@sindromecharge","twitter_misc":{"Tiempo de lectura":"1 minuto"},"schema":{"@context":"https:\/\/schema.org","@graph":[{"@type":"WebPage","@id":"https:\/\/sindromecharge.es\/index.php\/quienes-somos\/","url":"https:\/\/sindromecharge.es\/index.php\/quienes-somos\/","name":"Qui\u00e9nes somos","isPartOf":{"@id":"https:\/\/sindromecharge.es\/#website"},"datePublished":"2011-11-17T18:08:51+00:00","dateModified":"2012-12-17T09:44:33+00:00","breadcrumb":{"@id":"https:\/\/sindromecharge.es\/index.php\/quienes-somos\/#breadcrumb"},"inLanguage":"es","potentialAction":[{"@type":"ReadAction","target":["https:\/\/sindromecharge.es\/index.php\/quienes-somos\/"]}]},{"@type":"BreadcrumbList","@id":"https:\/\/sindromecharge.es\/index.php\/quienes-somos\/#breadcrumb","itemListElement":[{"@type":"ListItem","position":1,"name":"Portada","item":"https:\/\/sindromecharge.es\/"},{"@type":"ListItem","position":2,"name":"Qui\u00e9nes somos"}]},{"@type":"WebSite","@id":"https:\/\/sindromecharge.es\/#website","url":"https:\/\/sindromecharge.es\/","name":"Asociaci\u00f3n Espa\u00f1ola S\u00edndrome de Charge","description":"","potentialAction":[{"@type":"SearchAction","target":{"@type":"EntryPoint","urlTemplate":"https:\/\/sindromecharge.es\/?s={search_term_string}"},"query-input":{"@type":"PropertyValueSpecification","valueRequired":true,"valueName":"search_term_string"}}],"inLanguage":"es"}]}},"_links":{"self":[{"href":"https:\/\/sindromecharge.es\/index.php\/wp-json\/wp\/v2\/pages\/40","targetHints":{"allow":["GET"]}}],"collection":[{"href":"https:\/\/sindromecharge.es\/index.php\/wp-json\/wp\/v2\/pages"}],"about":[{"href":"https:\/\/sindromecharge.es\/index.php\/wp-json\/wp\/v2\/types\/page"}],"author":[{"embeddable":true,"href":"https:\/\/sindromecharge.es\/index.php\/wp-json\/wp\/v2\/users\/1"}],"replies":[{"embeddable":true,"href":"https:\/\/sindromecharge.es\/index.php\/wp-json\/wp\/v2\/comments?post=40"}],"version-history":[{"count":0,"href":"https:\/\/sindromecharge.es\/index.php\/wp-json\/wp\/v2\/pages\/40\/revisions"}],"wp:attachment":[{"href":"https:\/\/sindromecharge.es\/index.php\/wp-json\/wp\/v2\/media?parent=40"}],"curies":[{"name":"wp","href":"https:\/\/api.w.org\/{rel}","templated":true}]}}