{"id":382,"date":"2013-04-14T20:15:52","date_gmt":"2013-04-14T20:15:52","guid":{"rendered":"http:\/\/sindromecharge.es\/?page_id=382"},"modified":"2013-04-14T20:15:52","modified_gmt":"2013-04-14T20:15:52","slug":"carrera-solidaria-la-xara-2013","status":"publish","type":"page","link":"https:\/\/sindromecharge.es\/index.php\/carrera-solidaria-la-xara-2013\/","title":{"rendered":"Carrera Solidaria La Xara 2013"},"content":{"rendered":"<p>El s\u00e1bado 30 de Marzo se realiz\u00f3 la tercera edici\u00f3n de la <em>Cursa Solid\u00e0ria <\/em>(Carrera Solidaria) organizada por Voluntarios de Bale\u00e0ria, el Club de atletismo La Xara, mes3events i el Ayuntamiento de La Xara. Los beneficios de la carrera han sido destinados a nuestra Asociaci\u00f3n.<\/p>\n<p>Participaron 330 corredores\/as con una recaudaci\u00f3n record que sera entregada \u00edntegra a nuestra Asociaci\u00f3n.<\/p>\n<p>Esta carrera festiva, no competitiva, empieza ha hacerse un hueco en el calendario el s\u00e1bado santo de cada a\u00f1o. Desde la Asociaci\u00f3n les deseamos mucho \u00e9xito y que puedan seguir con esta iniciativa solid\u00e1ria durante mucho tiempo.<\/p>\n<p>Los ganadores fueron Miquel Piera del C.A. Balearia Dianum, en la categoria masculina y Mayca Sala del C.A. Benidorm en la categoria femenina.\u00a0Ambos recibieron un viaje a las Islas Baleares para dos personas que les fue entregado por voluntarios de Balearia. Tambien se les hizo entrega del correspondiente y tradicional trofeo \u00abuna cestita de pascua, una mona i una sobrasada\u00bb que tambien recibieron los segundos y terceros de cada categor\u00eda, ademas de bonos para comer en restaurantes de La Xara.<\/p>\n<p>Desde la Asociaci\u00f3n una vez mas queremos expresar nuestra gratitud y nuestro apoyo a esta iniciativa solidaria.<\/p>\n<p style=\"text-align: center;\"><img loading=\"lazy\" decoding=\"async\" class=\"aligncenter\" alt=\"\" src=\"http:\/\/dl.dropbox.com\/u\/110268300\/web\/imagenes%20web\/la%20foto.JPG\" width=\"404\" height=\"404\" \/><\/p>\n<p>&nbsp;<\/p>\n","protected":false},"excerpt":{"rendered":"<p>El s\u00e1bado 30 de Marzo se realiz\u00f3 la tercera edici\u00f3n de la Cursa Solid\u00e0ria (Carrera Solidaria) organizada por Voluntarios de Bale\u00e0ria, el Club de atletismo La Xara, mes3events i el Ayuntamiento de La Xara. Los beneficios de la carrera han sido destinados a nuestra Asociaci\u00f3n. Participaron 330 corredores\/as con una recaudaci\u00f3n record que sera entregada [&hellip;]<\/p>\n","protected":false},"author":1,"featured_media":0,"parent":0,"menu_order":0,"comment_status":"open","ping_status":"open","template":"","meta":{"footnotes":""},"class_list":["post-382","page","type-page","status-publish","hentry"],"yoast_head":"<!-- This site is optimized with the Yoast SEO plugin v27.4 - https:\/\/yoast.com\/product\/yoast-seo-wordpress\/ -->\n<title>Carrera Solidaria La Xara 2013<\/title>\n<meta name=\"robots\" content=\"index, follow, max-snippet:-1, max-image-preview:large, max-video-preview:-1\" \/>\n<link rel=\"canonical\" href=\"https:\/\/sindromecharge.es\/index.php\/carrera-solidaria-la-xara-2013\/\" \/>\n<meta property=\"og:locale\" content=\"es_ES\" \/>\n<meta property=\"og:type\" content=\"article\" \/>\n<meta property=\"og:title\" content=\"Carrera Solidaria La Xara 2013\" \/>\n<meta property=\"og:description\" content=\"El s\u00e1bado 30 de Marzo se realiz\u00f3 la tercera edici\u00f3n de la Cursa Solid\u00e0ria (Carrera Solidaria) organizada por Voluntarios de Bale\u00e0ria, el Club de atletismo La Xara, mes3events i el Ayuntamiento de La Xara. Los beneficios de la carrera han sido destinados a nuestra Asociaci\u00f3n. Participaron 330 corredores\/as con una recaudaci\u00f3n record que sera entregada [&hellip;]\" \/>\n<meta property=\"og:url\" content=\"https:\/\/sindromecharge.es\/index.php\/carrera-solidaria-la-xara-2013\/\" \/>\n<meta property=\"og:site_name\" content=\"Asociaci\u00f3n Espa\u00f1ola S\u00edndrome de Charge\" \/>\n<meta property=\"article:publisher\" content=\"https:\/\/www.facebook.com\/asociacionsindromecharge\" \/>\n<meta property=\"og:image\" content=\"http:\/\/dl.dropbox.com\/u\/110268300\/web\/imagenes%20web\/la%20foto.JPG\" \/>\n<meta name=\"twitter:card\" content=\"summary_large_image\" \/>\n<meta name=\"twitter:site\" content=\"@sindromecharge\" \/>\n<meta name=\"twitter:label1\" content=\"Tiempo de lectura\" \/>\n\t<meta name=\"twitter:data1\" content=\"1 minuto\" \/>\n<script type=\"application\/ld+json\" class=\"yoast-schema-graph\">{\"@context\":\"https:\\\/\\\/schema.org\",\"@graph\":[{\"@type\":\"WebPage\",\"@id\":\"https:\\\/\\\/sindromecharge.es\\\/index.php\\\/carrera-solidaria-la-xara-2013\\\/\",\"url\":\"https:\\\/\\\/sindromecharge.es\\\/index.php\\\/carrera-solidaria-la-xara-2013\\\/\",\"name\":\"Carrera Solidaria La Xara 2013\",\"isPartOf\":{\"@id\":\"https:\\\/\\\/sindromecharge.es\\\/#website\"},\"primaryImageOfPage\":{\"@id\":\"https:\\\/\\\/sindromecharge.es\\\/index.php\\\/carrera-solidaria-la-xara-2013\\\/#primaryimage\"},\"image\":{\"@id\":\"https:\\\/\\\/sindromecharge.es\\\/index.php\\\/carrera-solidaria-la-xara-2013\\\/#primaryimage\"},\"thumbnailUrl\":\"http:\\\/\\\/dl.dropbox.com\\\/u\\\/110268300\\\/web\\\/imagenes%20web\\\/la%20foto.JPG\",\"datePublished\":\"2013-04-14T20:15:52+00:00\",\"breadcrumb\":{\"@id\":\"https:\\\/\\\/sindromecharge.es\\\/index.php\\\/carrera-solidaria-la-xara-2013\\\/#breadcrumb\"},\"inLanguage\":\"es\",\"potentialAction\":[{\"@type\":\"ReadAction\",\"target\":[\"https:\\\/\\\/sindromecharge.es\\\/index.php\\\/carrera-solidaria-la-xara-2013\\\/\"]}]},{\"@type\":\"ImageObject\",\"inLanguage\":\"es\",\"@id\":\"https:\\\/\\\/sindromecharge.es\\\/index.php\\\/carrera-solidaria-la-xara-2013\\\/#primaryimage\",\"url\":\"http:\\\/\\\/dl.dropbox.com\\\/u\\\/110268300\\\/web\\\/imagenes%20web\\\/la%20foto.JPG\",\"contentUrl\":\"http:\\\/\\\/dl.dropbox.com\\\/u\\\/110268300\\\/web\\\/imagenes%20web\\\/la%20foto.JPG\"},{\"@type\":\"BreadcrumbList\",\"@id\":\"https:\\\/\\\/sindromecharge.es\\\/index.php\\\/carrera-solidaria-la-xara-2013\\\/#breadcrumb\",\"itemListElement\":[{\"@type\":\"ListItem\",\"position\":1,\"name\":\"Portada\",\"item\":\"https:\\\/\\\/sindromecharge.es\\\/\"},{\"@type\":\"ListItem\",\"position\":2,\"name\":\"Carrera Solidaria La Xara 2013\"}]},{\"@type\":\"WebSite\",\"@id\":\"https:\\\/\\\/sindromecharge.es\\\/#website\",\"url\":\"https:\\\/\\\/sindromecharge.es\\\/\",\"name\":\"Asociaci\u00f3n Espa\u00f1ola S\u00edndrome de Charge\",\"description\":\"\",\"potentialAction\":[{\"@type\":\"SearchAction\",\"target\":{\"@type\":\"EntryPoint\",\"urlTemplate\":\"https:\\\/\\\/sindromecharge.es\\\/?s={search_term_string}\"},\"query-input\":{\"@type\":\"PropertyValueSpecification\",\"valueRequired\":true,\"valueName\":\"search_term_string\"}}],\"inLanguage\":\"es\"}]}<\/script>\n<!-- \/ Yoast SEO plugin. -->","yoast_head_json":{"title":"Carrera Solidaria La Xara 2013","robots":{"index":"index","follow":"follow","max-snippet":"max-snippet:-1","max-image-preview":"max-image-preview:large","max-video-preview":"max-video-preview:-1"},"canonical":"https:\/\/sindromecharge.es\/index.php\/carrera-solidaria-la-xara-2013\/","og_locale":"es_ES","og_type":"article","og_title":"Carrera Solidaria La Xara 2013","og_description":"El s\u00e1bado 30 de Marzo se realiz\u00f3 la tercera edici\u00f3n de la Cursa Solid\u00e0ria (Carrera Solidaria) organizada por Voluntarios de Bale\u00e0ria, el Club de atletismo La Xara, mes3events i el Ayuntamiento de La Xara. Los beneficios de la carrera han sido destinados a nuestra Asociaci\u00f3n. Participaron 330 corredores\/as con una recaudaci\u00f3n record que sera entregada [&hellip;]","og_url":"https:\/\/sindromecharge.es\/index.php\/carrera-solidaria-la-xara-2013\/","og_site_name":"Asociaci\u00f3n Espa\u00f1ola S\u00edndrome de Charge","article_publisher":"https:\/\/www.facebook.com\/asociacionsindromecharge","og_image":[{"url":"http:\/\/dl.dropbox.com\/u\/110268300\/web\/imagenes%20web\/la%20foto.JPG","type":"","width":"","height":""}],"twitter_card":"summary_large_image","twitter_site":"@sindromecharge","twitter_misc":{"Tiempo de lectura":"1 minuto"},"schema":{"@context":"https:\/\/schema.org","@graph":[{"@type":"WebPage","@id":"https:\/\/sindromecharge.es\/index.php\/carrera-solidaria-la-xara-2013\/","url":"https:\/\/sindromecharge.es\/index.php\/carrera-solidaria-la-xara-2013\/","name":"Carrera Solidaria La Xara 2013","isPartOf":{"@id":"https:\/\/sindromecharge.es\/#website"},"primaryImageOfPage":{"@id":"https:\/\/sindromecharge.es\/index.php\/carrera-solidaria-la-xara-2013\/#primaryimage"},"image":{"@id":"https:\/\/sindromecharge.es\/index.php\/carrera-solidaria-la-xara-2013\/#primaryimage"},"thumbnailUrl":"http:\/\/dl.dropbox.com\/u\/110268300\/web\/imagenes%20web\/la%20foto.JPG","datePublished":"2013-04-14T20:15:52+00:00","breadcrumb":{"@id":"https:\/\/sindromecharge.es\/index.php\/carrera-solidaria-la-xara-2013\/#breadcrumb"},"inLanguage":"es","potentialAction":[{"@type":"ReadAction","target":["https:\/\/sindromecharge.es\/index.php\/carrera-solidaria-la-xara-2013\/"]}]},{"@type":"ImageObject","inLanguage":"es","@id":"https:\/\/sindromecharge.es\/index.php\/carrera-solidaria-la-xara-2013\/#primaryimage","url":"http:\/\/dl.dropbox.com\/u\/110268300\/web\/imagenes%20web\/la%20foto.JPG","contentUrl":"http:\/\/dl.dropbox.com\/u\/110268300\/web\/imagenes%20web\/la%20foto.JPG"},{"@type":"BreadcrumbList","@id":"https:\/\/sindromecharge.es\/index.php\/carrera-solidaria-la-xara-2013\/#breadcrumb","itemListElement":[{"@type":"ListItem","position":1,"name":"Portada","item":"https:\/\/sindromecharge.es\/"},{"@type":"ListItem","position":2,"name":"Carrera Solidaria La Xara 2013"}]},{"@type":"WebSite","@id":"https:\/\/sindromecharge.es\/#website","url":"https:\/\/sindromecharge.es\/","name":"Asociaci\u00f3n Espa\u00f1ola S\u00edndrome de Charge","description":"","potentialAction":[{"@type":"SearchAction","target":{"@type":"EntryPoint","urlTemplate":"https:\/\/sindromecharge.es\/?s={search_term_string}"},"query-input":{"@type":"PropertyValueSpecification","valueRequired":true,"valueName":"search_term_string"}}],"inLanguage":"es"}]}},"_links":{"self":[{"href":"https:\/\/sindromecharge.es\/index.php\/wp-json\/wp\/v2\/pages\/382","targetHints":{"allow":["GET"]}}],"collection":[{"href":"https:\/\/sindromecharge.es\/index.php\/wp-json\/wp\/v2\/pages"}],"about":[{"href":"https:\/\/sindromecharge.es\/index.php\/wp-json\/wp\/v2\/types\/page"}],"author":[{"embeddable":true,"href":"https:\/\/sindromecharge.es\/index.php\/wp-json\/wp\/v2\/users\/1"}],"replies":[{"embeddable":true,"href":"https:\/\/sindromecharge.es\/index.php\/wp-json\/wp\/v2\/comments?post=382"}],"version-history":[{"count":0,"href":"https:\/\/sindromecharge.es\/index.php\/wp-json\/wp\/v2\/pages\/382\/revisions"}],"wp:attachment":[{"href":"https:\/\/sindromecharge.es\/index.php\/wp-json\/wp\/v2\/media?parent=382"}],"curies":[{"name":"wp","href":"https:\/\/api.w.org\/{rel}","templated":true}]}}