{"id":10380,"date":"2024-10-05T09:45:43","date_gmt":"2024-10-05T09:45:43","guid":{"rendered":"https:\/\/sindromecharge.es\/?page_id=10380"},"modified":"2024-11-14T18:12:58","modified_gmt":"2024-11-14T18:12:58","slug":"asamblea-general-2024-orden-del-dia","status":"publish","type":"page","link":"https:\/\/sindromecharge.es\/index.php\/asamblea-general-2024-orden-del-dia\/","title":{"rendered":"Asamblea general 2024: Orden del d\u00eda"},"content":{"rendered":"<p>1a Convocatoria dia 16\/11\/24 a las 17:30<\/p>\n<p>2a Convocatoria dia 16\/11\/24 a las 18:00<\/p>\n<p>ORDEN DEL D\u00cdA:<\/p>\n<ul>\n<li>Lectura y aprobaci\u00f3n del acta anterior<\/li>\n<li>Renovaci\u00f3n de Cargos<\/li>\n<li>Situaci\u00f3n financiera<\/li>\n<li>Proyectos 2024<\/li>\n<li>Ruegos y preguntas<\/li>\n<\/ul>\n","protected":false},"excerpt":{"rendered":"<p>1a Convocatoria dia 16\/11\/24 a las 17:30 2a Convocatoria dia 16\/11\/24 a las 18:00 ORDEN DEL D\u00cdA: Lectura y aprobaci\u00f3n del acta anterior Renovaci\u00f3n de Cargos Situaci\u00f3n financiera Proyectos 2024 Ruegos y preguntas<\/p>\n","protected":false},"author":1,"featured_media":0,"parent":0,"menu_order":0,"comment_status":"closed","ping_status":"closed","template":"","meta":{"footnotes":""},"class_list":["post-10380","page","type-page","status-publish","hentry"],"yoast_head":"<!-- This site is optimized with the Yoast SEO plugin v27.4 - https:\/\/yoast.com\/product\/yoast-seo-wordpress\/ -->\n<title>Asamblea general 2024: Orden del d\u00eda - Asociaci\u00f3n Espa\u00f1ola S\u00edndrome de Charge<\/title>\n<meta name=\"robots\" content=\"index, follow, max-snippet:-1, max-image-preview:large, max-video-preview:-1\" \/>\n<link rel=\"canonical\" href=\"https:\/\/sindromecharge.es\/index.php\/asamblea-general-2024-orden-del-dia\/\" \/>\n<meta property=\"og:locale\" content=\"es_ES\" \/>\n<meta property=\"og:type\" content=\"article\" \/>\n<meta property=\"og:title\" content=\"Asamblea general 2024: Orden del d\u00eda - Asociaci\u00f3n Espa\u00f1ola S\u00edndrome de Charge\" \/>\n<meta property=\"og:description\" content=\"1a Convocatoria dia 16\/11\/24 a las 17:30 2a Convocatoria dia 16\/11\/24 a las 18:00 ORDEN DEL D\u00cdA: Lectura y aprobaci\u00f3n del acta anterior Renovaci\u00f3n de Cargos Situaci\u00f3n financiera Proyectos 2024 Ruegos y preguntas\" \/>\n<meta property=\"og:url\" content=\"https:\/\/sindromecharge.es\/index.php\/asamblea-general-2024-orden-del-dia\/\" \/>\n<meta property=\"og:site_name\" content=\"Asociaci\u00f3n Espa\u00f1ola S\u00edndrome de Charge\" \/>\n<meta property=\"article:publisher\" content=\"https:\/\/www.facebook.com\/asociacionsindromecharge\" \/>\n<meta property=\"article:modified_time\" content=\"2024-11-14T18:12:58+00:00\" \/>\n<meta property=\"og:image\" content=\"https:\/\/sindromecharge.es\/wp-content\/uploads\/2013\/09\/logodecharge300x98.png\" \/>\n\t<meta property=\"og:image:width\" content=\"300\" \/>\n\t<meta property=\"og:image:height\" content=\"98\" \/>\n\t<meta property=\"og:image:type\" content=\"image\/png\" \/>\n<meta name=\"twitter:card\" content=\"summary_large_image\" \/>\n<meta name=\"twitter:site\" content=\"@sindromecharge\" \/>\n<meta name=\"twitter:label1\" content=\"Tiempo de lectura\" \/>\n\t<meta name=\"twitter:data1\" content=\"1 minuto\" \/>\n<script type=\"application\/ld+json\" class=\"yoast-schema-graph\">{\"@context\":\"https:\\\/\\\/schema.org\",\"@graph\":[{\"@type\":\"WebPage\",\"@id\":\"https:\\\/\\\/sindromecharge.es\\\/index.php\\\/asamblea-general-2024-orden-del-dia\\\/\",\"url\":\"https:\\\/\\\/sindromecharge.es\\\/index.php\\\/asamblea-general-2024-orden-del-dia\\\/\",\"name\":\"Asamblea general 2024: Orden del d\u00eda - Asociaci\u00f3n Espa\u00f1ola S\u00edndrome de Charge\",\"isPartOf\":{\"@id\":\"https:\\\/\\\/sindromecharge.es\\\/#website\"},\"datePublished\":\"2024-10-05T09:45:43+00:00\",\"dateModified\":\"2024-11-14T18:12:58+00:00\",\"breadcrumb\":{\"@id\":\"https:\\\/\\\/sindromecharge.es\\\/index.php\\\/asamblea-general-2024-orden-del-dia\\\/#breadcrumb\"},\"inLanguage\":\"es\",\"potentialAction\":[{\"@type\":\"ReadAction\",\"target\":[\"https:\\\/\\\/sindromecharge.es\\\/index.php\\\/asamblea-general-2024-orden-del-dia\\\/\"]}]},{\"@type\":\"BreadcrumbList\",\"@id\":\"https:\\\/\\\/sindromecharge.es\\\/index.php\\\/asamblea-general-2024-orden-del-dia\\\/#breadcrumb\",\"itemListElement\":[{\"@type\":\"ListItem\",\"position\":1,\"name\":\"Portada\",\"item\":\"https:\\\/\\\/sindromecharge.es\\\/\"},{\"@type\":\"ListItem\",\"position\":2,\"name\":\"Asamblea general 2024: Orden del d\u00eda\"}]},{\"@type\":\"WebSite\",\"@id\":\"https:\\\/\\\/sindromecharge.es\\\/#website\",\"url\":\"https:\\\/\\\/sindromecharge.es\\\/\",\"name\":\"Asociaci\u00f3n Espa\u00f1ola S\u00edndrome de Charge\",\"description\":\"\",\"potentialAction\":[{\"@type\":\"SearchAction\",\"target\":{\"@type\":\"EntryPoint\",\"urlTemplate\":\"https:\\\/\\\/sindromecharge.es\\\/?s={search_term_string}\"},\"query-input\":{\"@type\":\"PropertyValueSpecification\",\"valueRequired\":true,\"valueName\":\"search_term_string\"}}],\"inLanguage\":\"es\"}]}<\/script>\n<!-- \/ Yoast SEO plugin. -->","yoast_head_json":{"title":"Asamblea general 2024: Orden del d\u00eda - Asociaci\u00f3n Espa\u00f1ola S\u00edndrome de Charge","robots":{"index":"index","follow":"follow","max-snippet":"max-snippet:-1","max-image-preview":"max-image-preview:large","max-video-preview":"max-video-preview:-1"},"canonical":"https:\/\/sindromecharge.es\/index.php\/asamblea-general-2024-orden-del-dia\/","og_locale":"es_ES","og_type":"article","og_title":"Asamblea general 2024: Orden del d\u00eda - Asociaci\u00f3n Espa\u00f1ola S\u00edndrome de Charge","og_description":"1a Convocatoria dia 16\/11\/24 a las 17:30 2a Convocatoria dia 16\/11\/24 a las 18:00 ORDEN DEL D\u00cdA: Lectura y aprobaci\u00f3n del acta anterior Renovaci\u00f3n de Cargos Situaci\u00f3n financiera Proyectos 2024 Ruegos y preguntas","og_url":"https:\/\/sindromecharge.es\/index.php\/asamblea-general-2024-orden-del-dia\/","og_site_name":"Asociaci\u00f3n Espa\u00f1ola S\u00edndrome de Charge","article_publisher":"https:\/\/www.facebook.com\/asociacionsindromecharge","article_modified_time":"2024-11-14T18:12:58+00:00","og_image":[{"width":300,"height":98,"url":"https:\/\/sindromecharge.es\/wp-content\/uploads\/2013\/09\/logodecharge300x98.png","type":"image\/png"}],"twitter_card":"summary_large_image","twitter_site":"@sindromecharge","twitter_misc":{"Tiempo de lectura":"1 minuto"},"schema":{"@context":"https:\/\/schema.org","@graph":[{"@type":"WebPage","@id":"https:\/\/sindromecharge.es\/index.php\/asamblea-general-2024-orden-del-dia\/","url":"https:\/\/sindromecharge.es\/index.php\/asamblea-general-2024-orden-del-dia\/","name":"Asamblea general 2024: Orden del d\u00eda - Asociaci\u00f3n Espa\u00f1ola S\u00edndrome de Charge","isPartOf":{"@id":"https:\/\/sindromecharge.es\/#website"},"datePublished":"2024-10-05T09:45:43+00:00","dateModified":"2024-11-14T18:12:58+00:00","breadcrumb":{"@id":"https:\/\/sindromecharge.es\/index.php\/asamblea-general-2024-orden-del-dia\/#breadcrumb"},"inLanguage":"es","potentialAction":[{"@type":"ReadAction","target":["https:\/\/sindromecharge.es\/index.php\/asamblea-general-2024-orden-del-dia\/"]}]},{"@type":"BreadcrumbList","@id":"https:\/\/sindromecharge.es\/index.php\/asamblea-general-2024-orden-del-dia\/#breadcrumb","itemListElement":[{"@type":"ListItem","position":1,"name":"Portada","item":"https:\/\/sindromecharge.es\/"},{"@type":"ListItem","position":2,"name":"Asamblea general 2024: Orden del d\u00eda"}]},{"@type":"WebSite","@id":"https:\/\/sindromecharge.es\/#website","url":"https:\/\/sindromecharge.es\/","name":"Asociaci\u00f3n Espa\u00f1ola S\u00edndrome de Charge","description":"","potentialAction":[{"@type":"SearchAction","target":{"@type":"EntryPoint","urlTemplate":"https:\/\/sindromecharge.es\/?s={search_term_string}"},"query-input":{"@type":"PropertyValueSpecification","valueRequired":true,"valueName":"search_term_string"}}],"inLanguage":"es"}]}},"_links":{"self":[{"href":"https:\/\/sindromecharge.es\/index.php\/wp-json\/wp\/v2\/pages\/10380","targetHints":{"allow":["GET"]}}],"collection":[{"href":"https:\/\/sindromecharge.es\/index.php\/wp-json\/wp\/v2\/pages"}],"about":[{"href":"https:\/\/sindromecharge.es\/index.php\/wp-json\/wp\/v2\/types\/page"}],"author":[{"embeddable":true,"href":"https:\/\/sindromecharge.es\/index.php\/wp-json\/wp\/v2\/users\/1"}],"replies":[{"embeddable":true,"href":"https:\/\/sindromecharge.es\/index.php\/wp-json\/wp\/v2\/comments?post=10380"}],"version-history":[{"count":3,"href":"https:\/\/sindromecharge.es\/index.php\/wp-json\/wp\/v2\/pages\/10380\/revisions"}],"predecessor-version":[{"id":10563,"href":"https:\/\/sindromecharge.es\/index.php\/wp-json\/wp\/v2\/pages\/10380\/revisions\/10563"}],"wp:attachment":[{"href":"https:\/\/sindromecharge.es\/index.php\/wp-json\/wp\/v2\/media?parent=10380"}],"curies":[{"name":"wp","href":"https:\/\/api.w.org\/{rel}","templated":true}]}}